{"id":207,"date":"2015-04-24T17:44:20","date_gmt":"2015-04-24T17:44:20","guid":{"rendered":"https:\/\/gfingenieria.com.ar\/?page_id=207"},"modified":"2022-12-25T14:22:55","modified_gmt":"2022-12-25T14:22:55","slug":"homepage-05-one-page","status":"publish","type":"page","link":"https:\/\/gfingenieria.com.ar\/","title":{"rendered":"Homepage 05 (One Page)"},"content":{"rendered":"<p>[vc_row width_100=\u00bbyes\u00bb parallax_speed=\u00bb5&#8243; parallax_x=\u00bb0&#8243; parallax_y=\u00bb0&#8243; el_class=\u00bbmobile_no_margin_bot\u00bb el_id=\u00bbintro\u00bb][vc_column][rev_slider_vc alias=\u00bbhomepage\u00bb][\/vc_column][\/vc_row][vc_row parallax_speed=\u00bb5&#8243; parallax_x=\u00bb0&#8243; parallax_y=\u00bb0&#8243; css=\u00bb.vc_custom_1430038724722{padding-top: 20px !important;padding-bottom: 20px !important;background-color: #ffffff !important;}\u00bb][vc_column width=\u00bb2\/6&#8243;][vc_empty_space height=\u00bb19px\u00bb][vc_column_text]<\/p>\n<h4 class=\"no-margin-top\">AGENTE OFICIAL.<\/h4>\n<p>[\/vc_column_text][\/vc_column][vc_column width=\u00bb1\/6&#8243;][vc_single_image image=\u00bb755&#8243; img_size=\u00bbfull\u00bb alignment=\u00bbcenter\u00bb lightbox=\u00bb\u00bb][\/vc_column][vc_column width=\u00bb1\/6&#8243;][vc_single_image image=\u00bb758&#8243; img_size=\u00bbfull\u00bb alignment=\u00bbcenter\u00bb lightbox=\u00bb\u00bb][\/vc_column][vc_column width=\u00bb1\/6&#8243;][vc_single_image image=\u00bb759&#8243; img_size=\u00bbfull\u00bb alignment=\u00bbcenter\u00bb lightbox=\u00bb\u00bb][\/vc_column][vc_column width=\u00bb1\/6&#8243;][\/vc_column][\/vc_row][vc_row parallax_speed=\u00bb5&#8243; parallax_x=\u00bb0&#8243; parallax_y=\u00bb0&#8243; css=\u00bb.vc_custom_1429931648728{padding-top: 50px !important;padding-bottom: 70px !important;background-color: #f4f4f4 !important;}\u00bb el_id=\u00bbabout\u00bb][vc_column][vc_column_text]<\/p>\n<h3 class=\"no-margin-top\" style=\"text-align: center;\">Sobre Nosotros<\/h3>\n<p>[\/vc_column_text][vc_empty_space height=\u00bb5px\u00bb][vc_column_text]<\/p>\n<p class=\"typo\" style=\"text-align: center;\"><em>Comprometidos a ofrecerle un servicio de calidad y profesional.<\/em><\/p>\n<p>[\/vc_column_text][vc_empty_space height=\u00bb50px\u00bb][vc_row_inner][vc_column_inner width=\u00bb1\/3&#8243;][vc_empty_space height=\u00bb7px\u00bb][vc_gallery interval=\u00bb3&#8243; images=\u00bb911,910,912,913&#8243; img_size=\u00bbfull\u00bb][\/vc_column_inner][vc_column_inner width=\u00bb1\/3&#8243;][vc_column_text]Somos una empresa destinada a ofrecer soluciones a las necesidades m\u00e1s exigentes de climatizaci\u00f3n, brindando a nuestros clientes un \u00f3ptimo servicio con mano de obra altamente calificada y r\u00e1pida ejecuci\u00f3n.<\/p>\n<p>Nos dedicamos espec\u00edficamente a la provisi\u00f3n e instalaci\u00f3n de sistema de Aire Acondicionado y calefacci\u00f3n central.[\/vc_column_text][vc_empty_space height=\u00bb30px\u00bb][vc_btn title=\u00bbVer m\u00e1s\u00bb style=\u00bbcustom\u00bb custom_background=\u00bb#ffffff\u00bb custom_text=\u00bb#333333&#8243; link=\u00bburl:%23|||\u00bb][\/vc_column_inner][vc_column_inner width=\u00bb1\/3&#8243;][vc_progress_bar values=\u00bb%5B%7B%22label%22%3A%22Aire%20Acondicionado%22%2C%22value%22%3A%2290%22%7D%2C%7B%22label%22%3A%22Calderas%2C%20Radiadores%2C%20Climatizadores%22%2C%22value%22%3A%2280%22%7D%2C%7B%22label%22%3A%22Calefacci%C3%B3n%20central%22%2C%22value%22%3A%2270%22%7D%2C%7B%22label%22%3A%22Venta%20de%20equipos%22%2C%22value%22%3A%2290%22%7D%5D\u00bb bgcolor=\u00bbcustom\u00bb custombgcolor=\u00bb#2d59b4&#8243;][\/vc_column_inner][\/vc_row_inner][\/vc_column][\/vc_row][vc_row parallax_effect=\u00bbyes\u00bb parallax_speed=\u00bb5&#8243; parallax_x=\u00bb0&#8243; parallax_y=\u00bb0&#8243; css=\u00bb.vc_custom_1538438116896{padding-top: 40px !important;padding-bottom: 70px !important;background-image: url(https:\/\/gfingenieria.com.ar\/wp-content\/uploads\/2018\/10\/ac_repair-1.jpg?id=753) !important;}\u00bb el_class=\u00bbheading-white aligncenter\u00bb font_color=\u00bb#999999&#8243;][vc_column][vc_row_inner][vc_column_inner width=\u00bb1\/4&#8243;][\/vc_column_inner][vc_column_inner width=\u00bb1\/2&#8243;][vc_column_text]<\/p>\n<h3 style=\"text-align: center;\">Presupuestos<\/h3>\n<p>[\/vc_column_text][vc_empty_space height=\u00bb5px\u00bb][vc_column_text]<\/p>\n<p class=\"typo\" style=\"text-align: center;\"><em>Contacte con nuestro equipo para recibir mayor asesoramiento<\/em><\/p>\n<p>[\/vc_column_text][vc_empty_space height=\u00bb20px\u00bb][vc_separator color=\u00bbcustom\u00bb el_width=\u00bb50&#8243; accent_color=\u00bb#555555&#8243;][vc_empty_space height=\u00bb80px\u00bb][\/vc_column_inner][vc_column_inner width=\u00bb1\/4&#8243;][\/vc_column_inner][\/vc_row_inner][vc_row_inner][vc_column_inner width=\u00bb1\/4&#8243;]<div class=\"iconbox aligncenter  circle\">\n\t\t<div class=\"box-header\">\n\t\t\t<div class=\"box-icon\"><img decoding=\"async\" src=\"https:\/\/gfingenieria.com.ar\/wp-content\/uploads\/2015\/04\/icon1.svg\" alt=\"1. Solicite presupuesto\" \/><\/div>\n\t\t\t<h5 class=\"box-title\">1. Solicite presupuesto<\/h5>\n\t\t<\/div>\n\t\t<div class=\"box-content\">\n\t\t\tVia email, telefonicamente o personalmente.\n\t\t\t\n\t\t<\/div>\n\t<\/div>[\/vc_column_inner][vc_column_inner width=\u00bb1\/4&#8243;]<div class=\"iconbox aligncenter  \">\n\t\t<div class=\"box-header\">\n\t\t\t<div class=\"box-icon\"><img decoding=\"async\" src=\"https:\/\/gfingenieria.com.ar\/wp-content\/uploads\/2015\/04\/icon2.svg\" alt=\"2. Obtenga detalles\" \/><\/div>\n\t\t\t<h5 class=\"box-title\">2. Obtenga detalles<\/h5>\n\t\t<\/div>\n\t\t<div class=\"box-content\">\n\t\t\tLe enviaremos el asesoramiento adecuado para sus necesidades\n\t\t\t\n\t\t<\/div>\n\t<\/div>[\/vc_column_inner][vc_column_inner width=\u00bb1\/4&#8243;]<div class=\"iconbox aligncenter  \">\n\t\t<div class=\"box-header\">\n\t\t\t<div class=\"box-icon\"><img decoding=\"async\" src=\"https:\/\/gfingenieria.com.ar\/wp-content\/uploads\/2015\/04\/icon3.svg\" alt=\"3. Contrate el servicio\" \/><\/div>\n\t\t\t<h5 class=\"box-title\">3. Contrate el servicio<\/h5>\n\t\t<\/div>\n\t\t<div class=\"box-content\">\n\t\t\tAdquiera el servicio deseado, previo asesoramiento.\n\t\t\t\n\t\t<\/div>\n\t<\/div>[\/vc_column_inner][vc_column_inner width=\u00bb1\/4&#8243;]<div class=\"iconbox aligncenter  \">\n\t\t<div class=\"box-header\">\n\t\t\t<div class=\"box-icon\"><img decoding=\"async\" src=\"https:\/\/gfingenieria.com.ar\/wp-content\/uploads\/2015\/04\/icon4.svg\" alt=\"4. Trabajo finalizado\" \/><\/div>\n\t\t\t<h5 class=\"box-title\">4. Trabajo finalizado<\/h5>\n\t\t<\/div>\n\t\t<div class=\"box-content\">\n\t\t\tObtenga su trabajo finalizado\n\t\t\t\n\t\t<\/div>\n\t<\/div>[\/vc_column_inner][\/vc_row_inner][vc_empty_space height=\u00bb50px\u00bb][vc_button2 title=\u00bbSolicitar asesoarmiento\u00bb style=\u00bboutlined\u00bb color=\u00bbwhite\u00bb link=\u00bburl:%23quote||\u00bb el_class=\u00bbcontent-reveal\u00bb][\/vc_column][\/vc_row][vc_row parallax_speed=\u00bb5&#8243; parallax_x=\u00bb0&#8243; parallax_y=\u00bb0&#8243; css=\u00bb.vc_custom_1429931662858{padding-top: 70px !important;padding-bottom: 70px !important;background-color: #f4f4f4 !important;}\u00bb el_id=\u00bbservices\u00bb][vc_column width=\u00bb1\/3&#8243;][vc_single_image image=\u00bb937&#8243; img_size=\u00bbfull\u00bb onclick=\u00bblink_image\u00bb lightbox=\u00bb\u00bb][vc_column_text]<\/p>\n<h5>Aire Acondicionado<\/h5>\n<p>Somos especialistas en Aire Acondicionado, tanto instalaci\u00f3n como venta y asesoramiento. Agentes oficiales <strong>Surrey<\/strong> y <strong>MIdea.\u00a0<\/strong>Conf\u00ede en t\u00e9cnicos capacitados y con experiencia comprobable para sus proyectos.[\/vc_column_text][vc_empty_space height=\u00bb25px\u00bb][vc_btn title=\u00bbM\u00e1s info\u00bb style=\u00bbcustom\u00bb custom_background=\u00bb#ffffff\u00bb custom_text=\u00bb#333333&#8243; link=\u00bburl:https%3A%2F%2Fgfingenieria.com.ar%2F%3Fpage_id%3D292|||\u00bb][\/vc_column][vc_column width=\u00bb1\/3&#8243;][vc_images_carousel images=\u00bb925,926,918,917,916,818,915,927,928,929&#8243; img_size=\u00bb250&#215;200&#8243; speed=\u00bb3000&#8243; autoplay=\u00bbyes\u00bb][vc_column_text]<\/p>\n<h5>Calefacci\u00f3n central<\/h5>\n<p>A\u00f1os de experiencia en el rubro nos hacen especialistas en todos sus proyectos de calefacci\u00f3n central, por circulaci\u00f3n de agua caliente, por calderas, bombas de calor, radiadores o pisos radiantes.[\/vc_column_text][vc_empty_space height=\u00bb25px\u00bb][vc_btn title=\u00bbM\u00e1s info\u00bb style=\u00bbcustom\u00bb custom_background=\u00bb#ffffff\u00bb custom_text=\u00bb#333333&#8243; link=\u00bburl:https%3A%2F%2Fgfingenieria.com.ar%2F%3Fpage_id%3D285|||\u00bb][\/vc_column][vc_column width=\u00bb1\/3&#8243;][vc_images_carousel images=\u00bb938,883,830&#8243; img_size=\u00bbfull\u00bb speed=\u00bb3000&#8243; autoplay=\u00bbyes\u00bb][vc_column_text]<\/p>\n<h5>Climatizacion de Piscinas<\/h5>\n<p>Trabajamos especialmente en la climatizaci\u00f3n de piscinas, ca\u00f1er\u00edas y bombas acordes a las necesidades particulares de cada cliente. Consulte presupuesto sin cargo y con gusto le brindaremos mayor informaci\u00f3n al respecto.[\/vc_column_text][vc_empty_space height=\u00bb25px\u00bb][vc_btn title=\u00bbM\u00e1s info\u00bb style=\u00bbcustom\u00bb custom_background=\u00bb#ffffff\u00bb custom_text=\u00bb#333333&#8243; link=\u00bburl:https%3A%2F%2Fgfingenieria.com.ar%2F%23quote|||\u00bb][\/vc_column][\/vc_row][vc_row parallax_speed=\u00bb5&#8243; parallax_x=\u00bb0&#8243; parallax_y=\u00bb0&#8243; css=\u00bb.vc_custom_1538441265155{padding-top: 70px !important;padding-bottom: 70px !important;background-color: #f4f4f4 !important;}\u00bb][vc_column width=\u00bb1\/2&#8243;][vc_images_carousel images=\u00bb824,826,825,829,827,828&#8243; img_size=\u00bbfull\u00bb speed=\u00bb3000&#8243; autoplay=\u00bbyes\u00bb][vc_column_text]<\/p>\n<h5>Venta de equipos con garant\u00eda<\/h5>\n<p>Le ofrecemos los mejores productos del mercado y le brindamos la garant\u00eda que se merece, tanto en el producto como en su correspondiente instalaci\u00f3n.\u00a0<b>Marcas que Comercializamos: Surrey, Midea, Euterma, Baxi, Triangular, HeatCraft entre otras.\u00a0<\/b>[\/vc_column_text][vc_empty_space height=\u00bb25px\u00bb][vc_btn title=\u00bbM\u00e1s info\u00bb style=\u00bbcustom\u00bb custom_background=\u00bb#ffffff\u00bb custom_text=\u00bb#333333&#8243; link=\u00bburl:https%3A%2F%2Fgfingenieria.com.ar%2F%23quote|||\u00bb][\/vc_column][vc_column width=\u00bb1\/2&#8243;][vc_images_carousel images=\u00bb932,933,931&#8243; img_size=\u00bb600&#215;300&#8243; speed=\u00bb3000&#8243; autoplay=\u00bbyes\u00bb][vc_column_text]<\/p>\n<h5>Calefacci\u00f3n central por aire<\/h5>\n<p>Trabajamos sobre calefacci\u00f3n central por circulaci\u00f3n de aire caliente, calefactores centrales,\u00a0<b>conductos<\/b>, filtros y mucho m\u00e1s. Somos especialistas en venta, asesoramiento e instalaci\u00f3n de productos de vanguardia, para brindarle un trabajo profesional.[\/vc_column_text][vc_empty_space height=\u00bb25px\u00bb][vc_btn title=\u00bbM\u00e1s info\u00bb style=\u00bbcustom\u00bb custom_background=\u00bb#ffffff\u00bb custom_text=\u00bb#333333&#8243; link=\u00bburl:https%3A%2F%2Fgfingenieria.com.ar%2F%23quote|||\u00bb][\/vc_column][\/vc_row][vc_row][vc_column][vc_column_text]<\/p>\n<h2 style=\"text-align: center;\">Energ\u00eda solar t\u00e9rmica<\/h2>\n<p>[\/vc_column_text][vc_empty_space][\/vc_column][\/vc_row][vc_row][vc_column width=\u00bb1\/2&#8243;][vc_single_image image=\u00bb833&#8243; img_size=\u00bbfull\u00bb][\/vc_column][vc_column width=\u00bb1\/2&#8243;][vc_single_image image=\u00bb834&#8243; img_size=\u00bbfull\u00bb style=\u00bbvc_box_shadow_border_circle_2&#8243;][\/vc_column][\/vc_row][vc_row][vc_column][vc_column_text]<\/p>\n<h2 style=\"text-align: center;\">Cont\u00e1ctenos<\/h2>\n<p>[\/vc_column_text][vc_empty_space][\/vc_column][\/vc_row][vc_row parallax_speed=\u00bb5&#8243; parallax_x=\u00bb0&#8243; parallax_y=\u00bb0&#8243; el_id=\u00bbquote\u00bb][vc_column width=\u00bb1\/3&#8243;][vc_empty_space][vc_single_image image=\u00bb768&#8243; img_size=\u00bbfull\u00bb lightbox=\u00bb\u00bb css=\u00bb.vc_custom_1538440302978{margin-top: -40px !important;}\u00bb][\/vc_column][vc_column width=\u00bb2\/3&#8243;][vc_empty_space height=\u00bb75px\u00bb]\n<div class=\"wpcf7 no-js\" id=\"wpcf7-f372-o1\" lang=\"en-US\" dir=\"ltr\" data-wpcf7-id=\"372\">\n<div class=\"screen-reader-response\"><p role=\"status\" aria-live=\"polite\" aria-atomic=\"true\"><\/p> <ul><\/ul><\/div>\n<form action=\"\/index.php?rest_route=%2Fwp%2Fv2%2Fpages%2F207#wpcf7-f372-o1\" method=\"post\" class=\"wpcf7-form init\" aria-label=\"Contact form\" novalidate=\"novalidate\" data-status=\"init\">\n<fieldset class=\"hidden-fields-container\"><input type=\"hidden\" name=\"_wpcf7\" value=\"372\" \/><input type=\"hidden\" name=\"_wpcf7_version\" value=\"6.1.5\" \/><input type=\"hidden\" name=\"_wpcf7_locale\" value=\"en_US\" \/><input type=\"hidden\" name=\"_wpcf7_unit_tag\" value=\"wpcf7-f372-o1\" \/><input type=\"hidden\" name=\"_wpcf7_container_post\" value=\"0\" \/><input type=\"hidden\" name=\"_wpcf7_posted_data_hash\" value=\"\" \/>\n<\/fieldset>\n<div class=\"quick-appoinment\">\n\t<div class=\"row\">\n\t\t<div class=\"columns columns-6\">\n\t\t\t<p><span class=\"wpcf7-form-control-wrap\" data-name=\"text-691\"><input size=\"40\" maxlength=\"400\" class=\"wpcf7-form-control wpcf7-text wpcf7-validates-as-required\" aria-required=\"true\" aria-invalid=\"false\" placeholder=\"Nombre *\" value=\"\" type=\"text\" name=\"text-691\" \/><\/span>\n\t\t\t<\/p>\n\t\t<\/div>\n\t\t<div class=\"columns columns-6\">\n\t\t\t<p><span class=\"wpcf7-form-control-wrap\" data-name=\"email-262\"><input size=\"40\" maxlength=\"400\" class=\"wpcf7-form-control wpcf7-email wpcf7-validates-as-required wpcf7-text wpcf7-validates-as-email\" aria-required=\"true\" aria-invalid=\"false\" placeholder=\"Email *\" value=\"\" type=\"email\" name=\"email-262\" \/><\/span>\n\t\t\t<\/p>\n\t\t<\/div>\n\t<\/div>\n\t<div class=\"row\">\n\t\t<div class=\"columns columns-6\">\n\t\t\t<p><span class=\"wpcf7-form-control-wrap\" data-name=\"tel-998\"><input size=\"40\" maxlength=\"400\" class=\"wpcf7-form-control wpcf7-tel wpcf7-text wpcf7-validates-as-tel\" aria-invalid=\"false\" placeholder=\"Tel\u00e9fono\" value=\"\" type=\"tel\" name=\"tel-998\" \/><\/span>\n\t\t\t<\/p>\n\t\t<\/div>\n\t\t<div class=\"columns columns-6\">\n\t\t\t<p><span class=\"wpcf7-form-control-wrap\" data-name=\"text-450\"><input size=\"40\" maxlength=\"400\" class=\"wpcf7-form-control wpcf7-text\" aria-invalid=\"false\" placeholder=\"Asunto\" value=\"\" type=\"text\" name=\"text-450\" \/><\/span>\n\t\t\t<\/p>\n\t\t<\/div>\n\t<\/div>\n\t<div class=\"row\">\n\t\t<div class=\"columns columns-12\">\n\t\t\t<p><span class=\"wpcf7-form-control-wrap\" data-name=\"textarea-501\"><textarea cols=\"40\" rows=\"3\" maxlength=\"2000\" class=\"wpcf7-form-control wpcf7-textarea\" aria-invalid=\"false\" placeholder=\"Mensaje\" name=\"textarea-501\"><\/textarea><\/span>\n\t\t\t<\/p>\n\t\t<\/div>\n\t<\/div>\n\t<div class=\"row\">\n\t\t<div class=\"columns columns-12\">\n\t\t\t<p><input class=\"wpcf7-form-control wpcf7-submit has-spinner\" type=\"submit\" value=\"Enviar consulta\" \/>\n\t\t\t<\/p>\n\t\t<\/div>\n\t<\/div>\n<\/div><div class=\"wpcf7-response-output\" aria-hidden=\"true\"><\/div>\n<\/form>\n<\/div>\n[\/vc_column][\/vc_row][vc_row width_100=\u00bbyes\u00bb parallax_speed=\u00bb5&#8243; parallax_x=\u00bb0&#8243; parallax_y=\u00bb0&#8243; el_class=\u00bbaligncenter\u00bb el_id=\u00bbcontact\u00bb][vc_column][vc_toggle title=\u00bbENCUENTRENOS EN EL MAPA\u00bb open=\u00bbtrue\u00bb]<iframe loading=\"lazy\" style=\"border: 0;\" src=\"https:\/\/www.google.com\/maps\/embed?pb=!1m18!1m12!1m3!1d3019.118842633229!2d-62.991540384823814!3d-40.82535322002901!2m3!1f0!2f0!3f0!3m2!1i1024!2i768!4f13.1!3m3!1m2!1s0x95f69840ceb5fb0b%3A0xea8416611db8a617!2sSchieroni+1297%2C+R8500BMA+Viedma%2C+R%C3%ADo+Negro!5e0!3m2!1ses-419!2sar!4v1538443962032\" width=\"100%\" height=\"450\" frameborder=\"0\" allowfullscreen=\"allowfullscreen\"><\/iframe>[\/vc_toggle][\/vc_column][\/vc_row]<\/p>\n","protected":false},"excerpt":{"rendered":"<p>[vc_row width_100=\u00bbyes\u00bb parallax_speed=\u00bb5&#8243; parallax_x=\u00bb0&#8243; parallax_y=\u00bb0&#8243; el_class=\u00bbmobile_no_margin_bot\u00bb el_id=\u00bbintro\u00bb][vc_column][rev_slider_vc alias=\u00bbhomepage\u00bb][\/vc_column][\/vc_row][vc_row parallax_speed=\u00bb5&#8243; parallax_x=\u00bb0&#8243; parallax_y=\u00bb0&#8243; css=\u00bb.vc_custom_1430038724722{padding-top: 20px !important;padding-bottom: 20px !important;background-color: #ffffff !important;}\u00bb][vc_column width=\u00bb2\/6&#8243;][vc_empty_space height=\u00bb19px\u00bb][vc_column_text] AGENTE OFICIAL. [\/vc_column_text][\/vc_column][vc_column width=\u00bb1\/6&#8243;][vc_single_image image=\u00bb755&#8243; img_size=\u00bbfull\u00bb alignment=\u00bbcenter\u00bb lightbox=\u00bb\u00bb][\/vc_column][vc_column width=\u00bb1\/6&#8243;][vc_single_image image=\u00bb758&#8243; img_size=\u00bbfull\u00bb alignment=\u00bbcenter\u00bb lightbox=\u00bb\u00bb][\/vc_column][vc_column width=\u00bb1\/6&#8243;][vc_single_image image=\u00bb759&#8243; img_size=\u00bbfull\u00bb alignment=\u00bbcenter\u00bb lightbox=\u00bb\u00bb][\/vc_column][vc_column width=\u00bb1\/6&#8243;][\/vc_column][\/vc_row][vc_row parallax_speed=\u00bb5&#8243; parallax_x=\u00bb0&#8243; parallax_y=\u00bb0&#8243; css=\u00bb.vc_custom_1429931648728{padding-top: 50px !important;padding-bottom: 70px !important;background-color: #f4f4f4 !important;}\u00bb el_id=\u00bbabout\u00bb][vc_column][vc_column_text] Sobre Nosotros [\/vc_column_text][vc_empty_space height=\u00bb5px\u00bb][vc_column_text] Comprometidos [&hellip;]<\/p>\n","protected":false},"author":1,"featured_media":0,"parent":0,"menu_order":0,"comment_status":"open","ping_status":"open","template":"templates\/template-fullwidth.php","meta":{"footnotes":""},"class_list":["post-207","page","type-page","status-publish","hentry","no-post-thumbnail"],"_links":{"self":[{"href":"https:\/\/gfingenieria.com.ar\/index.php?rest_route=\/wp\/v2\/pages\/207","targetHints":{"allow":["GET"]}}],"collection":[{"href":"https:\/\/gfingenieria.com.ar\/index.php?rest_route=\/wp\/v2\/pages"}],"about":[{"href":"https:\/\/gfingenieria.com.ar\/index.php?rest_route=\/wp\/v2\/types\/page"}],"author":[{"embeddable":true,"href":"https:\/\/gfingenieria.com.ar\/index.php?rest_route=\/wp\/v2\/users\/1"}],"replies":[{"embeddable":true,"href":"https:\/\/gfingenieria.com.ar\/index.php?rest_route=%2Fwp%2Fv2%2Fcomments&post=207"}],"version-history":[{"count":31,"href":"https:\/\/gfingenieria.com.ar\/index.php?rest_route=\/wp\/v2\/pages\/207\/revisions"}],"predecessor-version":[{"id":941,"href":"https:\/\/gfingenieria.com.ar\/index.php?rest_route=\/wp\/v2\/pages\/207\/revisions\/941"}],"wp:attachment":[{"href":"https:\/\/gfingenieria.com.ar\/index.php?rest_route=%2Fwp%2Fv2%2Fmedia&parent=207"}],"curies":[{"name":"wp","href":"https:\/\/api.w.org\/{rel}","templated":true}]}}