{"id":285,"date":"2015-05-01T10:43:02","date_gmt":"2015-05-01T10:43:02","guid":{"rendered":"https:\/\/gfingenieria.com.ar\/?page_id=285"},"modified":"2018-10-12T22:29:25","modified_gmt":"2018-10-12T22:29:25","slug":"vehicle-inspection","status":"publish","type":"page","link":"https:\/\/gfingenieria.com.ar\/?page_id=285","title":{"rendered":"CALEFACCI\u00d3N CENTRAL"},"content":{"rendered":"<p>[vc_row parallax_speed=\u00bb5&#8243; parallax_x=\u00bb0&#8243; parallax_y=\u00bb0&#8243;][vc_column width=\u00bb1\/2&#8243;][vc_single_image image=\u00bb867&#8243; img_size=\u00bbfull\u00bb][vc_empty_space height=\u00bb20px\u00bb][vc_column_text]<\/p>\n<h2><b>Hidroflex<\/b><\/h2>\n<p>El sistema\u00a0<b>Hidroflex<\/b>\u00a0sintetiza las excelentes propiedades de las tuber\u00edas de polietileno reticulado con los excepcionales beneficios de la calefacci\u00f3n por suelo radiante.Disfrutar de pisos templados, calor uniforme y saludable con un consumo de energ\u00eda comparativamente bajo, ahora es m\u00e1s f\u00e1cil, m\u00e1s r\u00e1pido y m\u00e1s econ\u00f3mico.[\/vc_column_text][\/vc_column][vc_column width=\u00bb1\/2&#8243;][vc_single_image image=\u00bb868&#8243; img_size=\u00bbfull\u00bb][vc_empty_space height=\u00bb20px\u00bb][vc_column_text]<\/p>\n<h2><b>Hidro 3 Aluminio<\/b><\/h2>\n<p>Las tuber\u00edas\u00a0<b>Hidro 3 Aluminio<\/b>\u00a0son la mejor opci\u00f3n para instalaciones de calefacci\u00f3n por radiadores, presentes en el mercado de \u00bd\u00bb a 2&#8243;, junto a una vasta l\u00ednea de accesorios, conexiones y herramientas para su perfecta instalaci\u00f3n y una prolongada vida \u00fatil.<br \/>\nLa tecnolog\u00eda de avanzada aplicada a este sistema permite brindar excelentes resultados y es la opci\u00f3n elegida para alcanzar el m\u00e1ximo confort en el hogar.[\/vc_column_text][\/vc_column][\/vc_row][vc_row parallax_speed=\u00bb5&#8243; parallax_x=\u00bb0&#8243; parallax_y=\u00bb0&#8243; css=\u00bb.vc_custom_1430554820082{padding-top: 50px !important;padding-bottom: 20px !important;}\u00bb][vc_column width=\u00bb1\/2&#8243;][vc_cta h2=\u00bbCatalogo PDF\u00bb style=\u00bbflat\u00bb color=\u00bbwhite\u00bb add_button=\u00bbright\u00bb btn_title=\u00bbDownload\u00bb btn_style=\u00bbcustom\u00bb btn_custom_background=\u00bb#2d5aae\u00bb btn_custom_text=\u00bb#ffffff\u00bb add_icon=\u00bbleft\u00bb i_icon_fontawesome=\u00bbfa fa-download\u00bb i_color=\u00bbcustom\u00bb i_size=\u00bbxl\u00bb btn_link=\u00bburl:https%3A%2F%2Fgfingenieria.com.ar%2Fwp-content%2Fuploads%2F2018%2F10%2FHidroflex.pdf|||\u00bb i_custom_color=\u00bb#333333&#8243;]Descarga el catalogo HidroFlex PDF aqui[\/vc_cta][\/vc_column][vc_column width=\u00bb1\/2&#8243;][vc_cta h2=\u00bbCatalogo PDF\u00bb style=\u00bbflat\u00bb color=\u00bbwhite\u00bb add_button=\u00bbright\u00bb btn_title=\u00bbDownload\u00bb btn_style=\u00bbcustom\u00bb btn_custom_background=\u00bb#2d5aae\u00bb btn_custom_text=\u00bb#ffffff\u00bb add_icon=\u00bbleft\u00bb i_icon_fontawesome=\u00bbfa fa-download\u00bb i_color=\u00bbcustom\u00bb i_size=\u00bbxl\u00bb btn_link=\u00bburl:https%3A%2F%2Fgfingenieria.com.ar%2Fwp-content%2Fuploads%2F2018%2F10%2FSaladillo_H3.pdf|||\u00bb i_custom_color=\u00bb#333333&#8243;]Descarga el catalogo Hidro3 PDF aqui[\/vc_cta][\/vc_column][\/vc_row]<\/p>\n","protected":false},"excerpt":{"rendered":"<p>[vc_row parallax_speed=\u00bb5&#8243; parallax_x=\u00bb0&#8243; parallax_y=\u00bb0&#8243;][vc_column width=\u00bb1\/2&#8243;][vc_single_image image=\u00bb867&#8243; img_size=\u00bbfull\u00bb][vc_empty_space height=\u00bb20px\u00bb][vc_column_text] Hidroflex El sistema\u00a0Hidroflex\u00a0sintetiza las excelentes propiedades de las tuber\u00edas de polietileno reticulado con los excepcionales beneficios de la calefacci\u00f3n por suelo radiante.Disfrutar de pisos templados, calor uniforme y saludable con un consumo de energ\u00eda comparativamente bajo, ahora es m\u00e1s f\u00e1cil, m\u00e1s r\u00e1pido y m\u00e1s econ\u00f3mico.[\/vc_column_text][\/vc_column][vc_column width=\u00bb1\/2&#8243;][vc_single_image image=\u00bb868&#8243; [&hellip;]<\/p>\n","protected":false},"author":1,"featured_media":0,"parent":266,"menu_order":0,"comment_status":"open","ping_status":"open","template":"templates\/template-fullwidth.php","meta":{"footnotes":""},"class_list":["post-285","page","type-page","status-publish","hentry","no-post-thumbnail"],"_links":{"self":[{"href":"https:\/\/gfingenieria.com.ar\/index.php?rest_route=\/wp\/v2\/pages\/285","targetHints":{"allow":["GET"]}}],"collection":[{"href":"https:\/\/gfingenieria.com.ar\/index.php?rest_route=\/wp\/v2\/pages"}],"about":[{"href":"https:\/\/gfingenieria.com.ar\/index.php?rest_route=\/wp\/v2\/types\/page"}],"author":[{"embeddable":true,"href":"https:\/\/gfingenieria.com.ar\/index.php?rest_route=\/wp\/v2\/users\/1"}],"replies":[{"embeddable":true,"href":"https:\/\/gfingenieria.com.ar\/index.php?rest_route=%2Fwp%2Fv2%2Fcomments&post=285"}],"version-history":[{"count":4,"href":"https:\/\/gfingenieria.com.ar\/index.php?rest_route=\/wp\/v2\/pages\/285\/revisions"}],"predecessor-version":[{"id":866,"href":"https:\/\/gfingenieria.com.ar\/index.php?rest_route=\/wp\/v2\/pages\/285\/revisions\/866"}],"up":[{"embeddable":true,"href":"https:\/\/gfingenieria.com.ar\/index.php?rest_route=\/wp\/v2\/pages\/266"}],"wp:attachment":[{"href":"https:\/\/gfingenieria.com.ar\/index.php?rest_route=%2Fwp%2Fv2%2Fmedia&parent=285"}],"curies":[{"name":"wp","href":"https:\/\/api.w.org\/{rel}","templated":true}]}}