{"id":292,"date":"2015-05-01T13:27:59","date_gmt":"2015-05-01T13:27:59","guid":{"rendered":"https:\/\/gfingenieria.com.ar\/?page_id=292"},"modified":"2018-10-28T13:20:15","modified_gmt":"2018-10-28T13:20:15","slug":"performance-upgrades","status":"publish","type":"page","link":"https:\/\/gfingenieria.com.ar\/?page_id=292","title":{"rendered":"Aire Acondicionado"},"content":{"rendered":"<p>[vc_row parallax_speed=\u00bb5&#8243; parallax_x=\u00bb0&#8243; parallax_y=\u00bb0&#8243;][vc_column width=\u00bb1\/3&#8243;][vc_single_image image=\u00bb827&#8243; img_size=\u00bbfull\u00bb lightbox=\u00bbyes\u00bb][\/vc_column][vc_column width=\u00bb1\/3&#8243;][vc_single_image image=\u00bb772&#8243; img_size=\u00bbfull\u00bb lightbox=\u00bbyes\u00bb][\/vc_column][vc_column width=\u00bb1\/3&#8243;][vc_single_image image=\u00bb826&#8243; img_size=\u00bbfull\u00bb lightbox=\u00bbyes\u00bb][\/vc_column][\/vc_row][vc_row parallax_speed=\u00bb5&#8243; parallax_x=\u00bb0&#8243; parallax_y=\u00bb0&#8243;][vc_column][vc_empty_space height=\u00bb20px\u00bb][vc_column_text]<\/p>\n<h2 style=\"text-align: center;\">Informaci\u00f3n general:<\/h2>\n<p>Encuentre en GF Ingenieria la l\u00ednea completa de acondicionadores de aire Surrey y Midea, las marcas l\u00edderes del mercado residencial en Argentina. Estas l\u00edneas ofrecen soluciones a las m\u00e1s exigentes necesidades de climatizaci\u00f3n; la realizaci\u00f3n de la m\u00e1s amplia gama de proyectos y obras en todo el pa\u00eds as\u00ed lo indica.Ofrecer productos de alta calidad y brindar el mejor asesoramiento y respaldo post venta son cualidades que Surrey y Midea se esfuerzan en brindar a sus clientes.[\/vc_column_text][vc_empty_space height=\u00bb20px\u00bb][\/vc_column][\/vc_row][vc_row][vc_column][vc_column_text]<iframe loading=\"lazy\" src=\"https:\/\/www.totaline.com.ar\/herramientas\/calculador\/app\/calculadorTotaline.html\" width=\"100%\" height=\"600px\"><\/iframe><\/p>\n<p>[\/vc_column_text][\/vc_column][\/vc_row]<\/p>\n","protected":false},"excerpt":{"rendered":"<p>[vc_row parallax_speed=\u00bb5&#8243; parallax_x=\u00bb0&#8243; parallax_y=\u00bb0&#8243;][vc_column width=\u00bb1\/3&#8243;][vc_single_image image=\u00bb827&#8243; img_size=\u00bbfull\u00bb lightbox=\u00bbyes\u00bb][\/vc_column][vc_column width=\u00bb1\/3&#8243;][vc_single_image image=\u00bb772&#8243; img_size=\u00bbfull\u00bb lightbox=\u00bbyes\u00bb][\/vc_column][vc_column width=\u00bb1\/3&#8243;][vc_single_image image=\u00bb826&#8243; img_size=\u00bbfull\u00bb lightbox=\u00bbyes\u00bb][\/vc_column][\/vc_row][vc_row parallax_speed=\u00bb5&#8243; parallax_x=\u00bb0&#8243; parallax_y=\u00bb0&#8243;][vc_column][vc_empty_space height=\u00bb20px\u00bb][vc_column_text] Informaci\u00f3n general: Encuentre en GF Ingenieria la l\u00ednea completa de acondicionadores de aire Surrey y Midea, las marcas l\u00edderes del mercado residencial en Argentina. Estas l\u00edneas ofrecen soluciones a las m\u00e1s exigentes necesidades de climatizaci\u00f3n; [&hellip;]<\/p>\n","protected":false},"author":1,"featured_media":0,"parent":266,"menu_order":0,"comment_status":"open","ping_status":"open","template":"templates\/template-fullwidth.php","meta":{"footnotes":""},"class_list":["post-292","page","type-page","status-publish","hentry","no-post-thumbnail"],"_links":{"self":[{"href":"https:\/\/gfingenieria.com.ar\/index.php?rest_route=\/wp\/v2\/pages\/292","targetHints":{"allow":["GET"]}}],"collection":[{"href":"https:\/\/gfingenieria.com.ar\/index.php?rest_route=\/wp\/v2\/pages"}],"about":[{"href":"https:\/\/gfingenieria.com.ar\/index.php?rest_route=\/wp\/v2\/types\/page"}],"author":[{"embeddable":true,"href":"https:\/\/gfingenieria.com.ar\/index.php?rest_route=\/wp\/v2\/users\/1"}],"replies":[{"embeddable":true,"href":"https:\/\/gfingenieria.com.ar\/index.php?rest_route=%2Fwp%2Fv2%2Fcomments&post=292"}],"version-history":[{"count":4,"href":"https:\/\/gfingenieria.com.ar\/index.php?rest_route=\/wp\/v2\/pages\/292\/revisions"}],"predecessor-version":[{"id":903,"href":"https:\/\/gfingenieria.com.ar\/index.php?rest_route=\/wp\/v2\/pages\/292\/revisions\/903"}],"up":[{"embeddable":true,"href":"https:\/\/gfingenieria.com.ar\/index.php?rest_route=\/wp\/v2\/pages\/266"}],"wp:attachment":[{"href":"https:\/\/gfingenieria.com.ar\/index.php?rest_route=%2Fwp%2Fv2%2Fmedia&parent=292"}],"curies":[{"name":"wp","href":"https:\/\/api.w.org\/{rel}","templated":true}]}}